{"id":56,"date":"2018-01-16T09:50:50","date_gmt":"2018-01-16T15:50:50","guid":{"rendered":"http:\/\/rodiraban.com\/pruebaro\/?page_id=56"},"modified":"2020-04-30T11:20:59","modified_gmt":"2020-04-30T17:20:59","slug":"quienessomos","status":"publish","type":"page","link":"http:\/\/rodiraban.com\/pruebaro\/quienessomos\/","title":{"rendered":"Quienes Somos"},"content":{"rendered":"<p>[et_pb_section bb_built=&#8221;1&#8243; admin_label=&#8221;Section&#8221; fullwidth=&#8221;off&#8221; specialty=&#8221;off&#8221; transparent_background=&#8221;off&#8221; allow_player_pause=&#8221;off&#8221; inner_shadow=&#8221;off&#8221; parallax=&#8221;off&#8221; parallax_method=&#8221;on&#8221; custom_padding=&#8221;5px||0px|&#8221; make_fullwidth=&#8221;off&#8221; use_custom_width=&#8221;off&#8221; width_unit=&#8221;on&#8221; make_equal=&#8221;off&#8221; use_custom_gutter=&#8221;off&#8221;][et_pb_row admin_label=&#8221;Row&#8221;][et_pb_column type=&#8221;4_4&#8243;][et_pb_text admin_label=&#8221;Text&#8221; background_layout=&#8221;light&#8221; text_orientation=&#8221;center&#8221; header_font=&#8221;Arial||||&#8221; text_font=&#8221;Arial|on|||&#8221; text_font_size=&#8221;31&#8243; use_border_color=&#8221;off&#8221; border_color=&#8221;#ffffff&#8221; border_style=&#8221;solid&#8221;]<\/p>\n<p>Nuestra Empresa<\/p>\n<p>[\/et_pb_text][\/et_pb_column][\/et_pb_row][et_pb_row admin_label=&#8221;Row&#8221;][et_pb_column type=&#8221;1_3&#8243;][et_pb_image admin_label=&#8221;Image&#8221; src=&#8221;http:\/\/rodiraban.com\/pruebaro\/wp-content\/uploads\/2019\/08\/descarga.png&#8221; show_in_lightbox=&#8221;off&#8221; url_new_window=&#8221;off&#8221; use_overlay=&#8221;off&#8221; animation=&#8221;left&#8221; sticky=&#8221;off&#8221; align=&#8221;center&#8221; force_fullwidth=&#8221;off&#8221; always_center_on_mobile=&#8221;on&#8221; use_border_color=&#8221;off&#8221; border_color=&#8221;#ffffff&#8221; border_style=&#8221;solid&#8221; max_width=&#8221;150px&#8221; \/][\/et_pb_column][et_pb_column type=&#8221;1_3&#8243;][\/et_pb_column][et_pb_column type=&#8221;1_3&#8243;][et_pb_image admin_label=&#8221;Image&#8221; src=&#8221;http:\/\/rodiraban.com\/pruebaro\/wp-content\/uploads\/2020\/04\/fortalezaaaa.jpg&#8221; show_in_lightbox=&#8221;off&#8221; url_new_window=&#8221;off&#8221; use_overlay=&#8221;off&#8221; animation=&#8221;left&#8221; sticky=&#8221;off&#8221; align=&#8221;center&#8221; max_width=&#8221;100px&#8221; force_fullwidth=&#8221;off&#8221; always_center_on_mobile=&#8221;on&#8221; use_border_color=&#8221;off&#8221; border_color=&#8221;#ffffff&#8221; border_style=&#8221;solid&#8221; \/][\/et_pb_column][\/et_pb_row][et_pb_row admin_label=&#8221;Row&#8221;][et_pb_column type=&#8221;4_4&#8243;][et_pb_text admin_label=&#8221;Text&#8221; background_layout=&#8221;light&#8221; text_orientation=&#8221;left&#8221; use_border_color=&#8221;off&#8221; border_color=&#8221;#ffffff&#8221; border_style=&#8221;solid&#8221; custom_css_main_element=&#8221;box-shadow: 4px 3px 4px #aaa; ||border-radius: 12px; ||background-color: White;&#8221;]<\/p>\n<p>&nbsp;<\/p>\n<p class=\"plain\" style=\"text-align: justify;\">Inici\u00e1ndonos en 1968, como una peque\u00f1a tienda de materiales para la construcci\u00f3n, nuestro fundador supo conformar un equipo de trabajo que sent\u00f3 las bases para que una segunda generaci\u00f3n, tomara las riendas del negocio y as\u00ed transformar a RODI+RABAN en una empresa institucional y profesionalizada en la industria de la construcci\u00f3n. Lo anterior nos ha permitido consolidarnos como la mejor opci\u00f3n en construcci\u00f3n y desarrollo del estado de Oaxaca.<\/p>\n<p class=\"plain\" style=\"text-align: justify;\">Actualmente RODI+RABAN es la empresa l\u00edder en el estado, dentro del ramo de la comercializaci\u00f3n y distribuci\u00f3n de materiales para la construcci\u00f3n. Con m\u00e1s de 40 a\u00f1os de experiencia, somos distribuidor autorizado de las m\u00e1s reconocidas marcas como Cementos Fortaleza, Ternium-Hylsa, Grupo Acerero, Niasa, Calorex, Helvex y Vitromex, entre otros.<\/p>\n<p>&nbsp;<\/p>\n<p>[\/et_pb_text][\/et_pb_column][\/et_pb_row][et_pb_row admin_label=&#8221;Row&#8221;][et_pb_column type=&#8221;1_2&#8243;][et_pb_image admin_label=&#8221;Image&#8221; src=&#8221;http:\/\/rodiraban.com\/pruebaro\/wp-content\/uploads\/2020\/04\/13.jpg&#8221; show_in_lightbox=&#8221;on&#8221; url_new_window=&#8221;off&#8221; use_overlay=&#8221;off&#8221; animation=&#8221;left&#8221; sticky=&#8221;off&#8221; align=&#8221;left&#8221; force_fullwidth=&#8221;off&#8221; always_center_on_mobile=&#8221;on&#8221; use_border_color=&#8221;off&#8221; border_color=&#8221;#ffffff&#8221; border_style=&#8221;solid&#8221; \/][et_pb_text admin_label=&#8221;Text&#8221; background_layout=&#8221;light&#8221; text_orientation=&#8221;left&#8221; use_border_color=&#8221;off&#8221; border_color=&#8221;#ffffff&#8221; border_style=&#8221;solid&#8221;]<\/p>\n<h5 class=\"plain\">Manuel Fern\u00e1ndez Fiallo 720, Colonia Centro<\/h5>\n<h5 class=\"plain\">Oaxaca de Ju\u00e1rez, Oaxaca C.P. 68000, M\u00e9xico<\/h5>\n<h5 class=\"plain\">Tel. +52 (951) 501 5900<\/h5>\n<h5 class=\"plain\">\u00a0 \u00a0 \u00a0 \u00a0+ 52 (951) 501 5901<\/h5>\n<p>[\/et_pb_text][et_pb_image admin_label=&#8221;Image&#8221; src=&#8221;http:\/\/rodiraban.com\/pruebaro\/wp-content\/uploads\/2020\/04\/SANTA-R.jpg&#8221; show_in_lightbox=&#8221;on&#8221; url_new_window=&#8221;off&#8221; use_overlay=&#8221;off&#8221; animation=&#8221;left&#8221; sticky=&#8221;off&#8221; align=&#8221;left&#8221; force_fullwidth=&#8221;off&#8221; always_center_on_mobile=&#8221;on&#8221; use_border_color=&#8221;off&#8221; border_color=&#8221;#ffffff&#8221; border_style=&#8221;solid&#8221; \/][et_pb_text admin_label=&#8221;Text&#8221; background_layout=&#8221;light&#8221; text_orientation=&#8221;left&#8221; use_border_color=&#8221;off&#8221; border_color=&#8221;#ffffff&#8221; border_style=&#8221;solid&#8221;]<\/p>\n<h5 class=\"plain\">Carretera Internacional 410, Colonia Cuahutemoc<\/h5>\n<h5 class=\"plain\">Santa Rosa Panzacola, Oaxaca, C.P. 68039, M\u00e9xico<\/h5>\n<h5 class=\"plain\">Tel. +52 (951) 502 1300<\/h5>\n<h5 class=\"plain\">\u00a0 \u00a0 \u00a0 \u00a0+52 (951) 132 0669<\/h5>\n<p>[\/et_pb_text][et_pb_image admin_label=&#8221;Image&#8221; src=&#8221;http:\/\/rodiraban.com\/pruebaro\/wp-content\/uploads\/2020\/04\/PUERTO-E.jpg&#8221; show_in_lightbox=&#8221;on&#8221; url_new_window=&#8221;off&#8221; use_overlay=&#8221;off&#8221; animation=&#8221;left&#8221; sticky=&#8221;off&#8221; align=&#8221;left&#8221; force_fullwidth=&#8221;off&#8221; always_center_on_mobile=&#8221;on&#8221; use_border_color=&#8221;off&#8221; border_color=&#8221;#ffffff&#8221; border_style=&#8221;solid&#8221; \/][et_pb_text admin_label=&#8221;Text&#8221; background_layout=&#8221;light&#8221; text_orientation=&#8221;left&#8221; use_border_color=&#8221;off&#8221; border_color=&#8221;#ffffff&#8221; border_style=&#8221;solid&#8221;]<\/p>\n<h5 class=\"plain\">Carretera Costera del Pac\u00edfico 850, Colonia Sub Urbana Sector Ju\u00e1rez<\/h5>\n<h5 class=\"plain\">Puerto Escondido San Pedro Mixtepec, Oaxaca, C.P. 71980, M\u00e9xico<\/h5>\n<h5 class=\"plain\">Tel. +52 (954) 582 2482<\/h5>\n<p>[\/et_pb_text][et_pb_image admin_label=&#8221;Image&#8221; src=&#8221;http:\/\/rodiraban.com\/pruebaro\/wp-content\/uploads\/2020\/04\/TEHUACAN.jpg&#8221; show_in_lightbox=&#8221;on&#8221; url_new_window=&#8221;off&#8221; use_overlay=&#8221;off&#8221; animation=&#8221;left&#8221; sticky=&#8221;off&#8221; align=&#8221;left&#8221; force_fullwidth=&#8221;off&#8221; always_center_on_mobile=&#8221;on&#8221; use_border_color=&#8221;off&#8221; border_color=&#8221;#ffffff&#8221; border_style=&#8221;solid&#8221; \/][et_pb_text admin_label=&#8221;Text&#8221; background_layout=&#8221;light&#8221; text_orientation=&#8221;left&#8221; use_border_color=&#8221;off&#8221; border_color=&#8221;#ffffff&#8221; border_style=&#8221;solid&#8221;]<\/p>\n<h5 class=\"plain\">9 Sur No. 129, Esquina gabino Barrera, Colonia Independencia<\/h5>\n<h5 class=\"plain\">Tehuacan, Puebla, C.P. 75780, M\u00e9xico<\/h5>\n<h5 class=\"plain\">Tel. +52 (238) 383 7192<\/h5>\n<p>[\/et_pb_text][\/et_pb_column][et_pb_column type=&#8221;1_2&#8243;][et_pb_image admin_label=&#8221;Image&#8221; src=&#8221;http:\/\/rodiraban.com\/pruebaro\/wp-content\/uploads\/2020\/04\/PERI.jpg&#8221; show_in_lightbox=&#8221;on&#8221; url_new_window=&#8221;off&#8221; use_overlay=&#8221;off&#8221; animation=&#8221;left&#8221; sticky=&#8221;off&#8221; align=&#8221;left&#8221; force_fullwidth=&#8221;off&#8221; always_center_on_mobile=&#8221;on&#8221; use_border_color=&#8221;off&#8221; border_color=&#8221;#ffffff&#8221; border_style=&#8221;solid&#8221; \/][et_pb_text admin_label=&#8221;Text&#8221; background_layout=&#8221;light&#8221; text_orientation=&#8221;left&#8221; use_border_color=&#8221;off&#8221; border_color=&#8221;#ffffff&#8221; border_style=&#8221;solid&#8221;]<\/p>\n<h5 class=\"plain\">Perif\u00e9rico 2020, Fracc. San Jos\u00e9 La Noria<\/h5>\n<h5 class=\"plain\">Oaxaca de Ju\u00e1rez, Oaxaca C.P. 68120, M\u00e9xico<\/h5>\n<h5 class=\"plain\">Tel. +52 (951) 501 5440<\/h5>\n<h5 class=\"plain\">\u00a0 \u00a0 \u00a0 +52 (951) 501 5445<\/h5>\n<p>[\/et_pb_text][et_pb_image admin_label=&#8221;Image&#8221; src=&#8221;http:\/\/rodiraban.com\/pruebaro\/wp-content\/uploads\/2020\/04\/HUAJUAPAN-LEON.jpg&#8221; show_in_lightbox=&#8221;on&#8221; url_new_window=&#8221;off&#8221; use_overlay=&#8221;off&#8221; animation=&#8221;left&#8221; sticky=&#8221;off&#8221; align=&#8221;left&#8221; force_fullwidth=&#8221;off&#8221; always_center_on_mobile=&#8221;on&#8221; use_border_color=&#8221;off&#8221; border_color=&#8221;#ffffff&#8221; border_style=&#8221;solid&#8221; \/][et_pb_text admin_label=&#8221;Text&#8221; background_layout=&#8221;light&#8221; text_orientation=&#8221;left&#8221; use_border_color=&#8221;off&#8221; border_color=&#8221;#ffffff&#8221; border_style=&#8221;solid&#8221;]<\/p>\n<h5 class=\"plain\">Carretera Internacional S\/N, Colonia San Mateo<\/h5>\n<h5 class=\"plain\">Huajuapan de Le\u00f3n, Oaxaca, C.P. 69000, M\u00e9xico<\/h5>\n<h5 class=\"plain\">Tel. +52 (953) 503 4983<\/h5>\n<p>&nbsp;<\/p>\n<p>[\/et_pb_text][et_pb_image admin_label=&#8221;Image&#8221; src=&#8221;http:\/\/rodiraban.com\/pruebaro\/wp-content\/uploads\/2020\/04\/SALINA-C.jpg&#8221; show_in_lightbox=&#8221;on&#8221; url_new_window=&#8221;off&#8221; use_overlay=&#8221;off&#8221; animation=&#8221;left&#8221; sticky=&#8221;off&#8221; align=&#8221;left&#8221; force_fullwidth=&#8221;off&#8221; always_center_on_mobile=&#8221;on&#8221; use_border_color=&#8221;off&#8221; border_color=&#8221;#ffffff&#8221; border_style=&#8221;solid&#8221; \/][et_pb_text admin_label=&#8221;Text&#8221; background_layout=&#8221;light&#8221; text_orientation=&#8221;left&#8221; use_border_color=&#8221;off&#8221; border_color=&#8221;#ffffff&#8221; border_style=&#8221;solid&#8221;]<\/p>\n<h5 class=\"plain\">Carretera Transismica Km 8.5, Colonia Granadillo<\/h5>\n<h5 class=\"plain\">Salina Cruz, Oaxaca, C.P. 70610, M\u00e9xico<\/h5>\n<h5 class=\"plain\">Tel. + 52 (971) 281 3172<\/h5>\n<p>[\/et_pb_text][et_pb_image admin_label=&#8221;Image&#8221; src=&#8221;http:\/\/rodiraban.com\/pruebaro\/wp-content\/uploads\/2020\/04\/HUIZACHERA.jpg&#8221; show_in_lightbox=&#8221;on&#8221; url_new_window=&#8221;off&#8221; use_overlay=&#8221;off&#8221; animation=&#8221;left&#8221; sticky=&#8221;off&#8221; align=&#8221;left&#8221; force_fullwidth=&#8221;off&#8221; always_center_on_mobile=&#8221;on&#8221; use_border_color=&#8221;off&#8221; border_color=&#8221;#ffffff&#8221; border_style=&#8221;solid&#8221; \/][et_pb_text admin_label=&#8221;Text&#8221; background_layout=&#8221;light&#8221; text_orientation=&#8221;left&#8221; use_border_color=&#8221;off&#8221; border_color=&#8221;#ffffff&#8221; border_style=&#8221;solid&#8221;]<\/p>\n<h5 class=\"plain\">Carretera federal Puebla Orizaba, Colonia La Huizachera<\/h5>\n<h5 class=\"plain\">Tehuacan, Puebla, C.P. 75718, M\u00e9xico<\/h5>\n<h5 class=\"plain\">Tel. +52 (238) 374 5086<\/h5>\n<p>[\/et_pb_text][\/et_pb_column][\/et_pb_row][\/et_pb_section][et_pb_section bb_built=&#8221;1&#8243; admin_label=&#8221;Section&#8221; fullwidth=&#8221;off&#8221; specialty=&#8221;off&#8221; transparent_background=&#8221;off&#8221; allow_player_pause=&#8221;off&#8221; inner_shadow=&#8221;off&#8221; parallax=&#8221;off&#8221; parallax_method=&#8221;on&#8221; custom_padding=&#8221;0px|0px|0px|0px&#8221; make_fullwidth=&#8221;off&#8221; use_custom_width=&#8221;off&#8221; width_unit=&#8221;on&#8221; make_equal=&#8221;off&#8221; use_custom_gutter=&#8221;off&#8221; background_color=&#8221;#e8e8e8&#8243; custom_css_main_element=&#8221; box-shadow: 0px 0px 0px #222 inset;&#8221;][et_pb_row admin_label=&#8221;Row&#8221; make_fullwidth=&#8221;on&#8221; use_custom_width=&#8221;off&#8221; width_unit=&#8221;on&#8221; use_custom_gutter=&#8221;on&#8221; gutter_width=&#8221;1&#8243; allow_player_pause=&#8221;off&#8221; parallax=&#8221;off&#8221; parallax_method=&#8221;on&#8221; make_equal=&#8221;off&#8221; parallax_1=&#8221;off&#8221; parallax_method_1=&#8221;off&#8221; custom_padding=&#8221;0px|0px|0px|0px&#8221;][et_pb_column type=&#8221;4_4&#8243;][et_pb_divider admin_label=&#8221;Divider&#8221; color=&#8221;#6b6b6b&#8221; show_divider=&#8221;on&#8221; divider_style=&#8221;solid&#8221; divider_position=&#8221;top&#8221; hide_on_mobile=&#8221;on&#8221; \/][\/et_pb_column][\/et_pb_row][et_pb_row admin_label=&#8221;Row&#8221; make_fullwidth=&#8221;on&#8221; use_custom_width=&#8221;off&#8221; width_unit=&#8221;on&#8221; use_custom_gutter=&#8221;on&#8221; gutter_width=&#8221;2&#8243; custom_padding=&#8221;5px||0px|&#8221; allow_player_pause=&#8221;off&#8221; parallax=&#8221;off&#8221; parallax_method=&#8221;on&#8221; make_equal=&#8221;off&#8221; parallax_1=&#8221;off&#8221; parallax_method_1=&#8221;off&#8221;][et_pb_column type=&#8221;4_4&#8243;][et_pb_image admin_label=&#8221;Image&#8221; src=&#8221;http:\/\/rodiraban.com\/pruebaro\/wp-content\/uploads\/2020\/03\/LOGO-RABAN-png.png&#8221; show_in_lightbox=&#8221;off&#8221; url_new_window=&#8221;off&#8221; use_overlay=&#8221;off&#8221; animation=&#8221;off&#8221; sticky=&#8221;off&#8221; align=&#8221;center&#8221; max_width=&#8221;250px&#8221; force_fullwidth=&#8221;off&#8221; always_center_on_mobile=&#8221;on&#8221; use_border_color=&#8221;off&#8221; border_color=&#8221;#ffffff&#8221; border_style=&#8221;solid&#8221; custom_margin=&#8221;10px||1px|&#8221; \/][et_pb_text admin_label=&#8221;Text&#8221; background_layout=&#8221;light&#8221; text_orientation=&#8221;center&#8221; use_border_color=&#8221;off&#8221; border_color=&#8221;#ffffff&#8221; border_style=&#8221;solid&#8221;]<\/p>\n<p>Calle de Manuel Fern\u00e1ndez Fiallo #720<br \/>\nTel.: 951 501 5900 e-mail:raban@rodiraban.com<\/p>\n<p style=\"font-family: 'Poppins'; font-size: 13px; text-align: center;\">\u00a9 Todos los derechos reservados. www.rodiraban.com<\/p>\n<p>[\/et_pb_text][\/et_pb_column][\/et_pb_row][\/et_pb_section]<\/p>\n","protected":false},"excerpt":{"rendered":"<p>[et_pb_section bb_built=&#8221;1&#8243; admin_label=&#8221;Section&#8221; fullwidth=&#8221;off&#8221; specialty=&#8221;off&#8221; transparent_background=&#8221;off&#8221; allow_player_pause=&#8221;off&#8221; inner_shadow=&#8221;off&#8221; parallax=&#8221;off&#8221; parallax_method=&#8221;on&#8221; custom_padding=&#8221;5px||0px|&#8221; make_fullwidth=&#8221;off&#8221; use_custom_width=&#8221;off&#8221; width_unit=&#8221;on&#8221; make_equal=&#8221;off&#8221; use_custom_gutter=&#8221;off&#8221;][et_pb_row admin_label=&#8221;Row&#8221;][et_pb_column type=&#8221;4_4&#8243;][et_pb_text admin_label=&#8221;Text&#8221; background_layout=&#8221;light&#8221; text_orientation=&#8221;center&#8221; header_font=&#8221;Arial||||&#8221; text_font=&#8221;Arial|on|||&#8221; text_font_size=&#8221;31&#8243; use_border_color=&#8221;off&#8221; border_color=&#8221;#ffffff&#8221; border_style=&#8221;solid&#8221;] Nuestra Empresa [\/et_pb_text][\/et_pb_column][\/et_pb_row][et_pb_row admin_label=&#8221;Row&#8221;][et_pb_column type=&#8221;1_3&#8243;][et_pb_image admin_label=&#8221;Image&#8221; src=&#8221;http:\/\/rodiraban.com\/pruebaro\/wp-content\/uploads\/2019\/08\/descarga.png&#8221; show_in_lightbox=&#8221;off&#8221; url_new_window=&#8221;off&#8221; use_overlay=&#8221;off&#8221; animation=&#8221;left&#8221; sticky=&#8221;off&#8221; align=&#8221;center&#8221; force_fullwidth=&#8221;off&#8221; always_center_on_mobile=&#8221;on&#8221; use_border_color=&#8221;off&#8221; border_color=&#8221;#ffffff&#8221; border_style=&#8221;solid&#8221; max_width=&#8221;150px&#8221; \/][\/et_pb_column][et_pb_column type=&#8221;1_3&#8243;][\/et_pb_column][et_pb_column type=&#8221;1_3&#8243;][et_pb_image admin_label=&#8221;Image&#8221; src=&#8221;http:\/\/rodiraban.com\/pruebaro\/wp-content\/uploads\/2020\/04\/fortalezaaaa.jpg&#8221; show_in_lightbox=&#8221;off&#8221; url_new_window=&#8221;off&#8221; use_overlay=&#8221;off&#8221; animation=&#8221;left&#8221; [&hellip;]<\/p>\n","protected":false},"author":1,"featured_media":0,"parent":0,"menu_order":0,"comment_status":"closed","ping_status":"closed","template":"","meta":{"footnotes":""},"class_list":["post-56","page","type-page","status-publish","hentry"],"_links":{"self":[{"href":"http:\/\/rodiraban.com\/pruebaro\/wp-json\/wp\/v2\/pages\/56","targetHints":{"allow":["GET"]}}],"collection":[{"href":"http:\/\/rodiraban.com\/pruebaro\/wp-json\/wp\/v2\/pages"}],"about":[{"href":"http:\/\/rodiraban.com\/pruebaro\/wp-json\/wp\/v2\/types\/page"}],"author":[{"embeddable":true,"href":"http:\/\/rodiraban.com\/pruebaro\/wp-json\/wp\/v2\/users\/1"}],"replies":[{"embeddable":true,"href":"http:\/\/rodiraban.com\/pruebaro\/wp-json\/wp\/v2\/comments?post=56"}],"version-history":[{"count":0,"href":"http:\/\/rodiraban.com\/pruebaro\/wp-json\/wp\/v2\/pages\/56\/revisions"}],"wp:attachment":[{"href":"http:\/\/rodiraban.com\/pruebaro\/wp-json\/wp\/v2\/media?parent=56"}],"curies":[{"name":"wp","href":"https:\/\/api.w.org\/{rel}","templated":true}]}}