{"id":38,"date":"2018-01-16T09:45:31","date_gmt":"2018-01-16T15:45:31","guid":{"rendered":"http:\/\/rodiraban.com\/pruebaro\/?page_id=38"},"modified":"2020-04-30T11:32:57","modified_gmt":"2020-04-30T17:32:57","slug":"acero","status":"publish","type":"page","link":"http:\/\/rodiraban.com\/pruebaro\/acero\/","title":{"rendered":"Acero"},"content":{"rendered":"<p>[et_pb_section bb_built=&#8221;1&#8243; admin_label=&#8221;section&#8221;][et_pb_row admin_label=&#8221;row&#8221; use_custom_width=&#8221;on&#8221;][et_pb_column type=&#8221;4_4&#8243;][et_pb_slider admin_label=&#8221;Slider&#8221; auto=&#8221;on&#8221;]<\/p>\n<p>[et_pb_slide background_image=&#8221;http:\/\/rodiraban.com\/pruebaro\/wp-content\/uploads\/2020\/04\/recocido.jpg&#8221; use_bg_overlay=&#8221;off&#8221; use_text_overlay=&#8221;off&#8221; header_font=&#8221;||||&#8221; body_font=&#8221;||||&#8221; custom_button=&#8221;off&#8221; button_icon_placement=&#8221;right&#8221; button_on_hover=&#8221;on&#8221;][\/et_pb_slide][et_pb_slide background_image=&#8221;http:\/\/rodiraban.com\/pruebaro\/wp-content\/uploads\/2020\/04\/slider-acero.jpg&#8221; use_bg_overlay=&#8221;off&#8221; use_text_overlay=&#8221;off&#8221; header_font=&#8221;||||&#8221; body_font=&#8221;||||&#8221; custom_button=&#8221;off&#8221; button_icon_placement=&#8221;right&#8221; button_on_hover=&#8221;on&#8221;][\/et_pb_slide][et_pb_slide background_image=&#8221;http:\/\/rodiraban.com\/pruebaro\/wp-content\/uploads\/2020\/04\/malla.jpg&#8221; use_bg_overlay=&#8221;off&#8221; use_text_overlay=&#8221;off&#8221; header_font=&#8221;||||&#8221; body_font=&#8221;||||&#8221; custom_button=&#8221;off&#8221; button_icon_placement=&#8221;right&#8221; button_on_hover=&#8221;on&#8221;][\/et_pb_slide]<\/p>\n<p>[\/et_pb_slider][\/et_pb_column][\/et_pb_row][et_pb_row admin_label=&#8221;row&#8221;][et_pb_column type=&#8221;4_4&#8243;][et_pb_text admin_label=&#8221;Text&#8221; text_orientation=&#8221;justified&#8221;]<\/p>\n\n<table id=\"tablepress-1\" class=\"tablepress tablepress-id-1\">\n<thead>\n<tr class=\"row-1\">\n\t<th class=\"column-1\">Producto<\/th><th class=\"column-2\">Marca<\/th><th class=\"column-3\">Descripcion<\/th><th class=\"column-4\">UDM<\/th>\n<\/tr>\n<\/thead>\n<tbody class=\"row-striping row-hover\">\n<tr class=\"row-2\">\n\t<td class=\"column-1\">VARILLA<\/td><td class=\"column-2\">GA<br \/>\n<br \/>\n<br \/>\n<br \/>\n<br \/>\n<br \/>\nSICARTSA<\/td><td class=\"column-3\">3\/8<br \/>\n1\/2<br \/>\n5\/8<br \/>\n3\/4<br \/>\n1<br \/>\n1\/1\/4<br \/>\n1 1\/2<\/td><td class=\"column-4\">150 Piezas(1 Tonelada)<br \/>\n84 Piezas(1 Tonelada)<br \/>\n53 Piezas(1 Tonelada)<br \/>\n37 Piezas(1 Tonelada)<br \/>\n21 Piezas(1 Tonelada)<br \/>\n13 Piezas(1 Tonelada)<br \/>\n9 Piezas(1 Tonelada)<\/td>\n<\/tr>\n<tr class=\"row-3\">\n\t<td class=\"column-1\">ALAMBRE<\/td><td class=\"column-2\">DEACERO<\/td><td class=\"column-3\">Hecho con acero en acabado<br \/>\n negro quese utiliza tanto en<br \/>\n la construcci\u00f3n como en <br \/>\ndiversos procesos industriales<br \/>\n para m\u00faltiples tareas.<br \/>\n<\/td><td class=\"column-4\">KG \/\/ TN<\/td>\n<\/tr>\n<tr class=\"row-4\">\n\t<td class=\"column-1\">ALAMBR\u00d3N<\/td><td class=\"column-2\">DEACERO<\/td><td class=\"column-3\">Producto de secci\u00f3n circular<br \/>\n y superficie lisa y se obtiene <br \/>\ndel laminando en caliente<br \/>\nde palanquillas de acero que <br \/>\nluego se trefilan en fr\u00edo.<br \/>\n<\/td><td class=\"column-4\">KG \/\/ TN<\/td>\n<\/tr>\n<tr class=\"row-5\">\n\t<td class=\"column-1\">ELECTROMALLA<\/td><td class=\"column-2\">BODEGA CRUZ AZUL<br \/>\n DEL CENTRO SA DE CV<\/td><td class=\"column-3\">10\/10<br \/>\n8\/8<br \/>\n6\/6<br \/>\n4\/4<\/td><td class=\"column-4\">ROLLOS 100 M2<br \/>\n(2.5 MT x 40 MT)<\/td>\n<\/tr>\n<tr class=\"row-6\">\n\t<td class=\"column-1\">ARMEX<\/td><td class=\"column-2\">BODEGA CRUZ AZUL <br \/>\nDEL CENTRO SA DE CV<\/td><td class=\"column-3\">12 X 12<br \/>\n15 X 15<br \/>\n15 X 20<br \/>\n15 X 30<\/td><td class=\"column-4\">Pieza<\/td>\n<\/tr>\n<tr class=\"row-7\">\n\t<td class=\"column-1\">CLAVO<\/td><td class=\"column-2\">BODEGA CRUZ AZUL <br \/>\nDEL CENTRO SA DE CV<\/td><td class=\"column-3\">1<br \/>\n1 1\/4<br \/>\n1 1\/2<br \/>\n2<br \/>\n2 1\/2<br \/>\n3<br \/>\n4<br \/>\n5<\/td><td class=\"column-4\">KG \/\/ CAJA (25 KG)<\/td>\n<\/tr>\n<tr class=\"row-8\">\n\t<td class=\"column-1\">CLAVO CONCRETO<\/td><td class=\"column-2\"><\/td><td class=\"column-3\">Estos clavos se utilizan <br \/>\nprincipalmente enla industria<br \/>\n de la construcci\u00f3n en vivienda<br \/>\npuentes y edificios, y, de <br \/>\nmanera general,donde se utiliza<br \/>\n acero y concreto.<\/td><td class=\"column-4\">1 KG            <br \/>\nCAJA (5 KG)<\/td>\n<\/tr>\n<tr class=\"row-9\">\n\t<td class=\"column-1\">CRIBA<\/td><td class=\"column-2\">AGP PROMA STEAL<br \/>\n SA DE CV<\/td><td class=\"column-3\">Malla tejida con alambres de<br \/>\n acero suaves,Formando una <br \/>\ncuadr\u00edcula para despu\u00e9s.Ser <br \/>\ngalvanizada por inmersi\u00f3n.<br \/>\n2X2<br \/>\n3X3<br \/>\n4X4<br \/>\n5X5<br \/>\n6X6<br \/>\n8X8<\/td><td class=\"column-4\">ROLLO              <br \/>\n(10 mt x 0.91 mt)<\/td>\n<\/tr>\n<tr class=\"row-10\">\n\t<td class=\"column-1\"> PERFIL <br \/>\nESTRUCTURAL<\/td><td class=\"column-2\">TERNIUM M\u00c9XICO<br \/>\n SA DE CV<\/td><td class=\"column-3\">* 1 1\/2\" X 1 1\/2\"<br \/>\n* 1 1\/4\" X 1 1\/4\"<br \/>\n* 1\" X 1\"<br \/>\n* 2 1\/2\" X 2 1\/2\"<br \/>\n* 2\" X 2\"<br \/>\n* 3\" X 2\"<br \/>\n* 3\" X 3\"<br \/>\n* 3\"X11\/2\u201d<br \/>\n* 4\" X 2\" \"<br \/>\n* 4\" X 3\"<br \/>\n* 4\" x 4\"<\/td><td class=\"column-4\">CALIBRE 14<br \/>\nDE 6MTS<br \/>\n<br \/>\n(PZA)<\/td>\n<\/tr>\n<tr class=\"row-11\">\n\t<td class=\"column-1\">PANEL REJA<\/td><td class=\"column-2\">DEACERO <br \/>\nSAPI DE CV<\/td><td class=\"column-3\">Usos:<br \/>\n* Per\u00edmetros en \u00e1reas p\u00fablicas<br \/>\n* Seguridad en estacionamientos<br \/>\n* Delimitaci\u00f3n en \u00e1reas escolares<br \/>\nMedidas:<br \/>\n* BLANCO 2 MTS<br \/>\n* VERDE 2 MTS<\/td><td class=\"column-4\">PZA<\/td>\n<\/tr>\n<tr class=\"row-12\">\n\t<td class=\"column-1\">CANAL MONTEN<\/td><td class=\"column-2\">TERNIUM M\u00c9XICO<br \/>\n SA DE CV<\/td><td class=\"column-3\">MEDIDAS<br \/>\n* PINTADO 4 X 6<br \/>\n* PINTADO 4 X 4<br \/>\n* PINTADO 6 X 6<\/td><td class=\"column-4\">PZA<br \/>\nLARGO 4 MTS<\/td>\n<\/tr>\n<tr class=\"row-13\">\n\t<td class=\"column-1\">LAMINA:<br \/>\nZ-ALUM      <br \/>\nZ-STD<\/td><td class=\"column-2\">TERNIUM M\u00c9XICO<br \/>\n SA DE CV<\/td><td class=\"column-3\"><img loading=\"lazy\" decoding=\"async\" src=\"http:\/\/rodiraban.com\/pruebaro\/wp-content\/uploads\/2020\/03\/TABLA-2.2-194x300.jpg\" alt=\"\" width=\"194\" height=\"300\" class=\"alignnone size-medium wp-image-1026\" \/><\/td><td class=\"column-4\">PZA<\/td>\n<\/tr>\n<tr class=\"row-14\">\n\t<td class=\"column-1\">LAMINA PINTRO <br \/>\nALUM  R-101<\/td><td class=\"column-2\">TERNIUM M\u00c9XICO<br \/>\n SA DE CV<\/td><td class=\"column-3\">MEDIDAS CAL. 26:<br \/>\n* 3.05 X R-101<br \/>\n* 3.66 X R-101<br \/>\n* 4.27 X R-101<br \/>\n* 4.88 X R-101<br \/>\n* 5.5 X R-101<br \/>\n* 6.1 X R-101<br \/>\n* 7.32 X R-101<br \/>\nPERFIL<br \/>\nRECTANGULAR<\/td><td class=\"column-4\">PZA<\/td>\n<\/tr>\n<tr class=\"row-15\">\n\t<td class=\"column-1\">LAMINA PINTRO           <br \/>\nRN-100\/35<\/td><td class=\"column-2\">TERNIUM M\u00c9XICO<br \/>\nSA DE CV<\/td><td class=\"column-3\">MEDIDAS:<br \/>\n* 4.88 X 1 MT<br \/>\n* 6.1 X 1 MT       <br \/>\n* 7.32 X 1 MT<br \/>\nPERFIL:<br \/>\n24<br \/>\n24<br \/>\n24\/26<\/td><td class=\"column-4\">100\/35<br \/>\nPZA<\/td>\n<\/tr>\n<tr class=\"row-16\">\n\t<td class=\"column-1\">Z-ALUM       <br \/>\n<br \/>\nZ-STD<\/td><td class=\"column-2\">NACOBRE<\/td><td class=\"column-3\">MEDIDAS:<br \/>\n* 1.83 X \u00a0O-30\/R-72 \u00a0 \u00a0 \u00a0 <br \/>\n* 2.44 X O-30\/R-72<br \/>\n* 3.05 X O-30\/R-72<br \/>\n* 3.66 X O-30\/R-72<br \/>\n* 4.27 X R-72<br \/>\n* 4.88 X R-72<br \/>\n* 5.50 X R-72<br \/>\n* 6.10 X R-72<\/td><td class=\"column-4\">CAL. 32,<br \/>\nPZA<\/td>\n<\/tr>\n<tr class=\"row-17\">\n\t<td class=\"column-1\">LAMINA GALVATEJA<\/td><td class=\"column-2\"><\/td><td class=\"column-3\">* 1.83 X 1 MT<br \/>\n* 2.44 X 1 MT<br \/>\n* 3.05 X 1 MT<br \/>\n* 3.66 X 1 MT<br \/>\n* 4.27 X 1 MT<br \/>\n* 4.88 X 1 MT<br \/>\n<\/td><td class=\"column-4\">CAL. 26,<br \/>\n<br \/>\n(PZA)<\/td>\n<\/tr>\n<tr class=\"row-18\">\n\t<td class=\"column-1\">LAMINA FIBROCEMENTO<\/td><td class=\"column-2\">FIBROCEMENTO Y <br \/>\nREPRESENTACIONES <br \/>\nINFANZON SA DE CV<br \/>\n<\/td><td class=\"column-3\">* 1.83 X 1.00<br \/>\n* 2.13 X 1.00<br \/>\n* 2.44 X 1.00<br \/>\n* 2.60 X 1.00<br \/>\n* 3.05 X 1.00<br \/>\n* 3.15 X 1.00<br \/>\n* 3.66 X 1.00<\/td><td class=\"column-4\">ONDULADA<br \/>\n<br \/>\n(PZA)<\/td>\n<\/tr>\n<tr class=\"row-19\">\n\t<td class=\"column-1\">LAMINA ACR\u00cdLICA<\/td><td class=\"column-2\">LAMINAS<br \/>\n ECON\u00d3MICAS <br \/>\nTRANSPARENTES<br \/>\n SA DE CV<\/td><td class=\"column-3\">* 0.82 X 1.83\u00a0 0-30\/R-72<br \/>\n* 0.82 X 2.44\u00a0 0-30\/ R-72<br \/>\n* 0.82 X 3.05\u00a0 0-30\/R-72<br \/>\n* 0.82 X 3.66\u00a0 0-30\/R-72<br \/>\n* 0.82 X 4.27\u00a0 R-72<br \/>\n* 0.82 X 4.88\u00a0 R-72<br \/>\n* 0.82 X 5.50 \u00a0R-72<br \/>\n* 0.82 X 6.10\u00a0 R-72<br \/>\n<\/td><td class=\"column-4\">PZA<\/td>\n<\/tr>\n<tr class=\"row-20\">\n\t<td class=\"column-1\">LAMINA CART\u00d3N<\/td><td class=\"column-2\">GALINDO <br \/>\nVEL\u00c1ZQUEZ <br \/>\nMAR\u00cdA ROSA ISELA<br \/>\n<\/td><td class=\"column-3\">Es un producto fabricado <br \/>\na base de fibras reciclables,<br \/>\n como el recorte de las<br \/>\n imprentas, o el papel <br \/>\nrecuperado en los centros<br \/>\n de relleno sanitario,<br \/>\ndisponible en color Negro<br \/>\n y Rojo.<br \/>\n<\/td><td class=\"column-4\">ATADO<\/td>\n<\/tr>\n<tr class=\"row-21\">\n\t<td class=\"column-1\">TUBULAR<\/td><td class=\"column-2\">TERNIUM MEXICO<br \/>\nSA DE CV<\/td><td class=\"column-3\">* 3 X 1 1\/2<br \/>\n* 4 X 1 1\/2<br \/>\n* 3 X 1 1\/2<\/td><td class=\"column-4\">CAFE<br \/>\nCAFE<br \/>\nVERDE<br \/>\n6 MTS<br \/>\n(PZA)<\/td>\n<\/tr>\n<tr class=\"row-22\">\n\t<td class=\"column-1\">ALAMBRE <br \/>\nDE P\u00daAS<\/td><td class=\"column-2\">ARCELORMITTAL<br \/>\nM\u00c9XICO, SA DE CV<\/td><td class=\"column-3\">12.5<br \/>\n12.5<\/td><td class=\"column-4\">14 KG<br \/>\n30 KG<br \/>\n<br \/>\n(ROLLO)<\/td>\n<\/tr>\n<tr class=\"row-23\">\n\t<td class=\"column-1\">ALAMBRE <br \/>\nGALVANIZADO<\/td><td class=\"column-2\">DEACERO SAPI<br \/>\nDE CV<\/td><td class=\"column-3\">CALIBRE:<br \/>\n12.5<br \/>\n16<br \/>\n18<br \/>\n<br \/>\nUSOS:<br \/>\nINDUSTRIALES<br \/>\nAGR\u00cdCOLAS<br \/>\nFERRETEROS<\/td><td class=\"column-4\">KG<\/td>\n<\/tr>\n<tr class=\"row-24\">\n\t<td class=\"column-1\">MALLA <br \/>\nBORREGUERA<\/td><td class=\"column-2\">DEACERO SAPI<br \/>\nDE CV<\/td><td class=\"column-3\">ALTURA<br \/>\n1.19<br \/>\n1.4<br \/>\n1.67<br \/>\n<br \/>\nLARGO<br \/>\n50 MT<\/td><td class=\"column-4\"><br \/>\n<br \/>\nROLLO<\/td>\n<\/tr>\n<tr class=\"row-25\">\n\t<td class=\"column-1\">MALLA <br \/>\nCICLON<\/td><td class=\"column-2\">ARCELORMITTAL <br \/>\nMEXICO SA DE CV<\/td><td class=\"column-3\">MEDIDA<br \/>\n1.00 X 20 MT<br \/>\n1.25 X 20 MT<br \/>\n1.50 X 20 MT<br \/>\n1.75 X 20 MT<br \/>\n2.00 X 20 MT<br \/>\n<br \/>\nCALIBRE<br \/>\n11, 13<br \/>\n11, 13<br \/>\n11, 13, 13.5<br \/>\n11, 13<br \/>\n11, 13, 13.5<\/td><td class=\"column-4\"><br \/>\n<br \/>\n<br \/>\n<br \/>\nROLLO<\/td>\n<\/tr>\n<tr class=\"row-26\">\n\t<td class=\"column-1\">MALLA<br \/>\n HEXAGONAL<\/td><td class=\"column-2\">IMPLEMENTOS DE<br \/>\nALAMBRE SA DE CV<\/td><td class=\"column-3\">MEDIDA<br \/>\n1 X 45 MT<br \/>\n1.20 X 45 MT<br \/>\n1.50 X 45 MT<br \/>\n1.60 X 45 MT<br \/>\n1.75 X 45 MT<br \/>\n<br \/>\nABERTURA<br \/>\n25 MM<br \/>\n25 MM<br \/>\n38, 50 MM<br \/>\n50 MM<br \/>\n25, 38, 50 MM<\/td><td class=\"column-4\"><br \/>\n<br \/>\n<br \/>\nROLLO<\/td>\n<\/tr>\n<tr class=\"row-27\">\n\t<td class=\"column-1\">MULTIMALLA<\/td><td class=\"column-2\">IMPLEMENTOS DE ALAMBRE SA DE CV<\/td><td class=\"column-3\">MEDIDA<br \/>\n1 X 20 MT<br \/>\n1.22 X 20 MT<br \/>\n1 X 20 MT<br \/>\n1.22 X 20 MT<br \/>\n<br \/>\nABERTURA<br \/>\n5X10<br \/>\n5X10<br \/>\n5X5<br \/>\n5X5<\/td><td class=\"column-4\"><br \/>\n<br \/>\nROLLO<\/td>\n<\/tr>\n<tr class=\"row-28\">\n\t<td class=\"column-1\">TELA MOSQUITERO<br \/>\nGALVANIZADA<\/td><td class=\"column-2\">DEACERO SAPI <br \/>\nDE CV<\/td><td class=\"column-3\">MEDIDA<br \/>\n0.9 CM X 30 MT<br \/>\n1.05 CM X 30 MT<br \/>\n1.2 CM X 30 MT<\/td><td class=\"column-4\"><br \/>\n<br \/>\nROLLO<\/td>\n<\/tr>\n<tr class=\"row-29\">\n\t<td class=\"column-1\"><\/td><td class=\"column-2\"><\/td><td class=\"column-3\"><\/td><td class=\"column-4\"><\/td>\n<\/tr>\n<\/tbody>\n<\/table>\n<!-- #tablepress-1 from cache -->\n<p>[\/et_pb_text][\/et_pb_column][\/et_pb_row][\/et_pb_section][et_pb_section bb_built=&#8221;1&#8243; admin_label=&#8221;Section&#8221; background_color=&#8221;#e8e8e8&#8243; custom_padding=&#8221;0px|0px|0px|0px&#8221; custom_css_main_element=&#8221; box-shadow: 0px 0px 0px #222 inset;&#8221;][et_pb_row admin_label=&#8221;Row&#8221; make_fullwidth=&#8221;on&#8221; use_custom_gutter=&#8221;on&#8221; gutter_width=&#8221;1&#8243; custom_padding=&#8221;0px|0px|0px|0px&#8221; parallax_method_1=&#8221;off&#8221;][et_pb_column type=&#8221;4_4&#8243;][et_pb_divider admin_label=&#8221;Divider&#8221; color=&#8221;#6b6b6b&#8221; show_divider=&#8221;on&#8221; divider_style=&#8221;solid&#8221; divider_position=&#8221;top&#8221;]<br \/>\n[\/et_pb_divider][et_pb_code admin_label=&#8221;Code&#8221;]&lt;center&gt;&lt;a href=&#8221;#&#8221; title=&#8221;&#8221;&gt;&lt;img style=&#8221;width: 1px; height: 1px;&#8221; src=&#8221;https:\/\/www.cerotec.net\/contador.php?t=1&amp;s=3&amp;i=127670&#8243; alt=&#8221;www.cerotec.net&#8221;&gt;&lt;\/a&gt;&lt;\/center&gt;[\/et_pb_code][\/et_pb_column][\/et_pb_row][et_pb_row admin_label=&#8221;Row&#8221; make_fullwidth=&#8221;on&#8221; use_custom_gutter=&#8221;on&#8221; gutter_width=&#8221;2&#8243; custom_padding=&#8221;5px||0px|&#8221; parallax_method_1=&#8221;off&#8221;][et_pb_column type=&#8221;4_4&#8243;][et_pb_image admin_label=&#8221;Image&#8221; src=&#8221;http:\/\/rodiraban.com\/pruebaro\/wp-content\/uploads\/2020\/03\/LOGO-RABAN-png.png&#8221; animation=&#8221;off&#8221; align=&#8221;center&#8221; max_width=&#8221;250px&#8221; custom_margin=&#8221;10px||1px|&#8221; show_in_lightbox=&#8221;off&#8221; url_new_window=&#8221;off&#8221; use_overlay=&#8221;off&#8221; sticky=&#8221;off&#8221; force_fullwidth=&#8221;off&#8221; always_center_on_mobile=&#8221;on&#8221; use_border_color=&#8221;off&#8221; border_color=&#8221;#ffffff&#8221; border_style=&#8221;solid&#8221;]<br \/>\n[\/et_pb_image][et_pb_text admin_label=&#8221;Text&#8221; text_orientation=&#8221;center&#8221;]<\/p>\n<p>Calle de Manuel Fern\u00e1ndez Fiallo #720<br \/>\nTel.: 951 501 5900 e-mail:raban@rodiraban.com<\/p>\n<p>\u00a9 Todos los derechos reservados. www.rodiraban.com<\/p>\n<p>[\/et_pb_text][\/et_pb_column][\/et_pb_row][\/et_pb_section]<\/p>\n","protected":false},"excerpt":{"rendered":"<p>[et_pb_section bb_built=&#8221;1&#8243; admin_label=&#8221;section&#8221;][et_pb_row admin_label=&#8221;row&#8221; use_custom_width=&#8221;on&#8221;][et_pb_column type=&#8221;4_4&#8243;][et_pb_slider admin_label=&#8221;Slider&#8221; auto=&#8221;on&#8221;] [et_pb_slide background_image=&#8221;http:\/\/rodiraban.com\/pruebaro\/wp-content\/uploads\/2020\/04\/recocido.jpg&#8221; use_bg_overlay=&#8221;off&#8221; use_text_overlay=&#8221;off&#8221; header_font=&#8221;||||&#8221; body_font=&#8221;||||&#8221; custom_button=&#8221;off&#8221; button_icon_placement=&#8221;right&#8221; button_on_hover=&#8221;on&#8221;][\/et_pb_slide][et_pb_slide background_image=&#8221;http:\/\/rodiraban.com\/pruebaro\/wp-content\/uploads\/2020\/04\/slider-acero.jpg&#8221; use_bg_overlay=&#8221;off&#8221; use_text_overlay=&#8221;off&#8221; header_font=&#8221;||||&#8221; body_font=&#8221;||||&#8221; custom_button=&#8221;off&#8221; button_icon_placement=&#8221;right&#8221; button_on_hover=&#8221;on&#8221;][\/et_pb_slide][et_pb_slide background_image=&#8221;http:\/\/rodiraban.com\/pruebaro\/wp-content\/uploads\/2020\/04\/malla.jpg&#8221; use_bg_overlay=&#8221;off&#8221; use_text_overlay=&#8221;off&#8221; header_font=&#8221;||||&#8221; body_font=&#8221;||||&#8221; custom_button=&#8221;off&#8221; button_icon_placement=&#8221;right&#8221; button_on_hover=&#8221;on&#8221;][\/et_pb_slide] [\/et_pb_slider][\/et_pb_column][\/et_pb_row][et_pb_row admin_label=&#8221;row&#8221;][et_pb_column type=&#8221;4_4&#8243;][et_pb_text admin_label=&#8221;Text&#8221; text_orientation=&#8221;justified&#8221;] [\/et_pb_text][\/et_pb_column][\/et_pb_row][\/et_pb_section][et_pb_section bb_built=&#8221;1&#8243; admin_label=&#8221;Section&#8221; background_color=&#8221;#e8e8e8&#8243; custom_padding=&#8221;0px|0px|0px|0px&#8221; custom_css_main_element=&#8221; box-shadow: 0px 0px 0px #222 inset;&#8221;][et_pb_row admin_label=&#8221;Row&#8221; make_fullwidth=&#8221;on&#8221; use_custom_gutter=&#8221;on&#8221; gutter_width=&#8221;1&#8243; custom_padding=&#8221;0px|0px|0px|0px&#8221; [&hellip;]<\/p>\n","protected":false},"author":1,"featured_media":0,"parent":0,"menu_order":0,"comment_status":"closed","ping_status":"closed","template":"","meta":{"footnotes":""},"class_list":["post-38","page","type-page","status-publish","hentry"],"_links":{"self":[{"href":"http:\/\/rodiraban.com\/pruebaro\/wp-json\/wp\/v2\/pages\/38","targetHints":{"allow":["GET"]}}],"collection":[{"href":"http:\/\/rodiraban.com\/pruebaro\/wp-json\/wp\/v2\/pages"}],"about":[{"href":"http:\/\/rodiraban.com\/pruebaro\/wp-json\/wp\/v2\/types\/page"}],"author":[{"embeddable":true,"href":"http:\/\/rodiraban.com\/pruebaro\/wp-json\/wp\/v2\/users\/1"}],"replies":[{"embeddable":true,"href":"http:\/\/rodiraban.com\/pruebaro\/wp-json\/wp\/v2\/comments?post=38"}],"version-history":[{"count":0,"href":"http:\/\/rodiraban.com\/pruebaro\/wp-json\/wp\/v2\/pages\/38\/revisions"}],"wp:attachment":[{"href":"http:\/\/rodiraban.com\/pruebaro\/wp-json\/wp\/v2\/media?parent=38"}],"curies":[{"name":"wp","href":"https:\/\/api.w.org\/{rel}","templated":true}]}}