{"id":304,"date":"2019-01-26T12:33:59","date_gmt":"2019-01-26T18:33:59","guid":{"rendered":"http:\/\/rodiraban.com\/pruebaro\/?page_id=304"},"modified":"2020-04-30T11:31:54","modified_gmt":"2020-04-30T17:31:54","slug":"polvos","status":"publish","type":"page","link":"http:\/\/rodiraban.com\/pruebaro\/polvos\/","title":{"rendered":"Polvos"},"content":{"rendered":"<p>[et_pb_section bb_built=&#8221;1&#8243; admin_label=&#8221;Section&#8221;][et_pb_row admin_label=&#8221;Row&#8221; use_custom_width=&#8221;on&#8221; custom_padding=&#8221;|||&#8221; custom_margin=&#8221;|||&#8221;][et_pb_column type=&#8221;4_4&#8243;][et_pb_slider admin_label=&#8221;Slider&#8221; auto=&#8221;on&#8221;]<\/p>\n<p>[et_pb_slide background_image=&#8221;http:\/\/rodiraban.com\/pruebaro\/wp-content\/uploads\/2020\/04\/SLIDER2.jpg&#8221; use_bg_overlay=&#8221;off&#8221; use_text_overlay=&#8221;off&#8221; header_font=&#8221;||||&#8221; body_font=&#8221;||||&#8221; custom_button=&#8221;off&#8221; button_icon_placement=&#8221;right&#8221; button_on_hover=&#8221;on&#8221;][\/et_pb_slide][et_pb_slide background_image=&#8221;http:\/\/rodiraban.com\/pruebaro\/wp-content\/uploads\/2020\/04\/ESTUCO-BLANCO.jpg&#8221; use_bg_overlay=&#8221;off&#8221; use_text_overlay=&#8221;off&#8221; header_font=&#8221;||||&#8221; body_font=&#8221;||||&#8221; custom_button=&#8221;off&#8221; button_icon_placement=&#8221;right&#8221; button_on_hover=&#8221;on&#8221;][\/et_pb_slide]<\/p>\n<p>[\/et_pb_slider][\/et_pb_column][\/et_pb_row][\/et_pb_section][et_pb_section bb_built=&#8221;1&#8243; admin_label=&#8221;section&#8221;][et_pb_row admin_label=&#8221;row&#8221; make_fullwidth=&#8221;on&#8221; parallax_method_1=&#8221;off&#8221;][et_pb_column type=&#8221;4_4&#8243;][et_pb_text admin_label=&#8221;Text&#8221;]<\/p>\n\n<table id=\"tablepress-7\" class=\"tablepress tablepress-id-7\">\n<thead>\n<tr class=\"row-1\">\n\t<th class=\"column-1\"><b>Producto<\/b><\/th><th class=\"column-2\"><b>Marca<\/b><\/th><th class=\"column-3\"><b>Descripci\u00f3n del producto<\/b><\/th><th class=\"column-4\"><b>UDM<\/b><\/th>\n<\/tr>\n<\/thead>\n<tbody class=\"row-striping row-hover\">\n<tr class=\"row-2\">\n\t<td class=\"column-1\">CEMENTO <\/td><td class=\"column-2\"><a href=\"https:\/\/www.cementosfortaleza.com\/\" rel=\"noopener\" target=\"_blank\">Fortaleza<\/a><\/td><td class=\"column-3\">CEMENTO GRIS  <br \/>\nCEMENTO BLANCO  <br \/>\nCEMENTO GRIS GRANEL<br \/>\nCEMENTO GRANEL CPC-40  <br \/>\nCEMENTO GRANEL CPC-40RS<br \/>\nCEMENTO BIG BAG CPC40<br \/>\n  <\/td><td class=\"column-4\">Bulto 50kg<br \/>\nBulto 25kg<br \/>\nTonelada<br \/>\nTonelada<br \/>\nTonelada<br \/>\nTonelada<\/td>\n<\/tr>\n<tr class=\"row-3\">\n\t<td class=\"column-1\">MORTERO<\/td><td class=\"column-2\"><a href=\"https:\/\/www.cementosfortaleza.com\/\" rel=\"noopener\" target=\"_blank\">Fortaleza<\/a><\/td><td class=\"column-3\">Es una mezcla pl\u00e1stica aglomerante, que resultan<br \/>\n de la combinaci\u00f3n de arena y agua con un <br \/>\ncementante que puede ser cemento, cal, yeso,<br \/>\n o una mezcla de estos materiales.<\/td><td class=\"column-4\">Bulto 50kg<\/td>\n<\/tr>\n<tr class=\"row-4\">\n\t<td class=\"column-1\">CAL   <\/td><td class=\"column-2\"><a href=\"https:\/\/calidra.com\/\/\" rel=\"noopener\" target=\"_blank\">Calidra<\/a><\/td><td class=\"column-3\">Se utiliza para construir, pintar, decorar, tratar <br \/>\nsuelos y mejorar  mezclas asf\u00e1lticas.<br \/>\n<\/td><td class=\"column-4\">Bulto 25kg<\/td>\n<\/tr>\n<tr class=\"row-5\">\n\t<td class=\"column-1\">MARMOLINA<\/td><td class=\"column-2\"><a href=\"http:\/\/www.mezclabrava.com\/\" rel=\"noopener\" target=\"_blank\">Mezcla Brava<\/a><\/td><td class=\"column-3\">Compuesto a base de polvo de m\u00e1rmol prensado<br \/>\n y resinas Textura : <br \/>\nFINO <br \/>\nGRUESO<br \/>\n<\/td><td class=\"column-4\">Bulto 40kg<br \/>\nBulto 40kg<\/td>\n<\/tr>\n<tr class=\"row-6\">\n\t<td class=\"column-1\">YESO  <\/td><td class=\"column-2\">Hercules<br \/>\n<br \/>\n<br \/>\n<br \/>\n<br \/>\n<br \/>\nTigre<\/td><td class=\"column-3\">* Reconstrucci\u00f3n y revestimiento de muros<br \/>\n* Compuesto del cemento<br \/>\n* Aislante t\u00e9rmico<br \/>\n* Molduras, elementos ornamentales y estatuillas<br \/>\n<br \/>\n<br \/>\nYeso H\u00e9rcules<br \/>\nYeso Tigre Sellado<\/td><td class=\"column-4\"><br \/>\n<br \/>\n<br \/>\nBulto 34.5kg<br \/>\nBulto 25kg<\/td>\n<\/tr>\n<tr class=\"row-7\">\n\t<td class=\"column-1\">PEGAZULEJO<\/td><td class=\"column-2\"><a href=\"https:\/\/www.niasa.com.mx\/\" rel=\"noopener\" target=\"_blank\">Niasa<\/a><\/td><td class=\"column-3\">Adhesivo para colocar azulejos y mosaicos en <br \/>\nformatos de hasta 40\u00d740 cm tanto en pisos como<br \/>\n en muros interiores y exteriores.<br \/>\n<\/td><td class=\"column-4\">Bulto 20kg<\/td>\n<\/tr>\n<tr class=\"row-8\">\n\t<td class=\"column-1\">PEGAZULEJO ADHEZUL<\/td><td class=\"column-2\"><a href=\"https:\/\/www.niasa.com.mx\/\" rel=\"noopener\" target=\"_blank\">Niasa<\/a><\/td><td class=\"column-3\">Para uso exclusivo en \u00e1reas secas, es decir,<br \/>\n no deber\u00e1 aplicarse en ba\u00f1os, patios o zonas <br \/>\nexpuestas. Excelente para piezas no mayores<br \/>\n a 33x33 cm.<br \/>\n<br \/>\n<\/td><td class=\"column-4\">Bulto 20kg<\/td>\n<\/tr>\n<tr class=\"row-9\">\n\t<td class=\"column-1\">PEGAVITRO<\/td><td class=\"column-2\"><a href=\"https:\/\/www.niasa.com.mx\/\" rel=\"noopener\" target=\"_blank\">Niasa<\/a><\/td><td class=\"column-3\">Adhesivo para recubrimientos cer\u00e1micos y sobre <br \/>\ntodo para recubrimientos de baja o nula absorci\u00f3n<br \/>\nde agua como los PORCELANATOS, o recubrimiento<br \/>\n sobre otro ya existente.<br \/>\n<\/td><td class=\"column-4\">Bulto 20kg<\/td>\n<\/tr>\n<tr class=\"row-10\">\n\t<td class=\"column-1\">PEGAMARMOL<\/td><td class=\"column-2\"><a href=\"https:\/\/www.niasa.com.mx\/\" rel=\"noopener\" target=\"_blank\">Niasa<\/a><\/td><td class=\"column-3\">Adhesivo para pegar m\u00e1rmol y recubrimientos <br \/>\np\u00e9treos, en formatos de tama\u00f1o m\u00e1ximo de 30x30<br \/>\nx1.5 cm en  muros y pisos interiores. Ideal para <br \/>\ncenefas y\/o parquet  de m\u00e1rmol.<br \/>\n<br \/>\n<\/td><td class=\"column-4\">Bulto 20kg<\/td>\n<\/tr>\n<tr class=\"row-11\">\n\t<td class=\"column-1\">NIASABOND<\/td><td class=\"column-2\"><a href=\"https:\/\/www.niasa.com.mx\/\" rel=\"noopener\" target=\"_blank\">Niasa<\/a><\/td><td class=\"column-3\">Aditivo l\u00edquido promotor de adherencia para<br \/>\n concretosnuevo y viejo, aumentando su <br \/>\nadhesividad, resistenciaa la tensi\u00f3n y <br \/>\nhumedad.Ideal para concretos y morteros.<br \/>\n<\/td><td class=\"column-4\">Bote 1LT<br \/>\nGal\u00f3n 4LT<br \/>\nCubeta 19LT<br \/>\n<\/td>\n<\/tr>\n<tr class=\"row-12\">\n\t<td class=\"column-1\">NIASAGRAL<\/td><td class=\"column-2\"><a href=\"https:\/\/www.niasa.com.mx\/\" rel=\"noopener\" target=\"_blank\">Niasa<\/a><\/td><td class=\"column-3\">Aditivo impermeabilizante en polvo para<br \/>\n elementos de concreto que permite disminuir<br \/>\n la absorci\u00f3n de agua en zonas expuestas a <br \/>\nhumedad permanente.<\/td><td class=\"column-4\">Saco 10kg<\/td>\n<\/tr>\n<tr class=\"row-13\">\n\t<td class=\"column-1\">TIROL NIASA<\/td><td class=\"column-2\"><a href=\"https:\/\/www.niasa.com.mx\/\" rel=\"noopener\" target=\"_blank\">Niasa<\/a><\/td><td class=\"column-3\">Producto para recibir techos y muros, fabricado<br \/>\n a base de cemento y\/o cal.<br \/>\n<br \/>\n<\/td><td class=\"column-4\">Cubeta 19LT<\/td>\n<\/tr>\n<tr class=\"row-14\">\n\t<td class=\"column-1\">BOQUILLEX<\/td><td class=\"column-2\"><a href=\"https:\/\/www.niasa.com.mx\/\" rel=\"noopener\" target=\"_blank\">Niasa<\/a><\/td><td class=\"column-3\">* Blanco, Caf\u00e9 Claro, Caf\u00e9, Gris, Gris\/Perla, <br \/>\n Madera, Negro, Rojo, Tabaco<br \/>\n* Ultra fino Beige, Blanco, Caf\u00e9, Caf\u00e9 Claro, <br \/>\nChocolate, Negro , Rojo<br \/>\n<\/td><td class=\"column-4\">Bulto 10kg<br \/>\n<br \/>\nCaja 5kg<br \/>\n<\/td>\n<\/tr>\n<tr class=\"row-15\">\n\t<td class=\"column-1\">CONSTRUCTOR  BLANCO<\/td><td class=\"column-2\"><a href=\"https:\/\/www.cemix.com\/\" rel=\"noopener\" target=\"_blank\">Cemix<\/a><\/td><td class=\"column-3\">Adhesivo en polvo base cemento para la<br \/>\nInstalaci\u00f3n de recubrimientos de alta<br \/>\ny media absorci\u00f3n de humedad.<br \/>\n<\/td><td class=\"column-4\">Bulto 20kg<br \/>\n<\/td>\n<\/tr>\n<tr class=\"row-16\">\n\t<td class=\"column-1\">GEN\u00c9RICO BLANCO<\/td><td class=\"column-2\"><a href=\"https:\/\/www.cemix.com\/\" rel=\"noopener\" target=\"_blank\">Cemix<\/a><\/td><td class=\"column-3\">Ideal para revestimiento porcel\u00e1nico,cer\u00e1mico<br \/>\n y piedra natural en loseta.<br \/>\n<\/td><td class=\"column-4\">Bulto 20kg<\/td>\n<\/tr>\n<tr class=\"row-17\">\n\t<td class=\"column-1\">ADHESIVO BLANCO<br \/>\nUNIVERSAL<\/td><td class=\"column-2\"><a href=\"https:\/\/www.cemix.com\/\" rel=\"noopener\" target=\"_blank\">Cemix<\/a><\/td><td class=\"column-3\">Adhesivo reforzado multiusos. Ideal para<br \/>\n revestimiento porcel\u00e1nico, cer\u00e1mico y piedra <br \/>\nnatural en loseta<br \/>\n<\/td><td class=\"column-4\">Bulto 20kg<br \/>\n<\/td>\n<\/tr>\n<tr class=\"row-18\">\n\t<td class=\"column-1\">BASE COAT PARA<br \/>\nPERMABASE<\/td><td class=\"column-2\"><a href=\"https:\/\/www.cemix.com\/\" rel=\"noopener\" target=\"_blank\">Cemix<\/a><\/td><td class=\"column-3\">Mortero para pegar y recubrir paneles<br \/>\n y molduras de poliestireno.<br \/>\n<\/td><td class=\"column-4\">Bulto 20kg<br \/>\n<\/td>\n<\/tr>\n<tr class=\"row-19\">\n\t<td class=\"column-1\">BARNIZ SELLADOR <br \/>\nP\/CONCRETO<\/td><td class=\"column-2\"><a href=\"https:\/\/www.cemix.com\/\" rel=\"noopener\" target=\"_blank\">Cemix<\/a><\/td><td class=\"column-3\">Barniz protector y abrillantador de superficies<\/td><td class=\"column-4\">Cubeta 19LT<br \/>\n<\/td>\n<\/tr>\n<tr class=\"row-20\">\n\t<td class=\"column-1\">PINTURA PARA <br \/>\nCEMENTO<\/td><td class=\"column-2\"><a href=\"https:\/\/www.cemix.com\/\" rel=\"noopener\" target=\"_blank\">Cemix<\/a><\/td><td class=\"column-3\">* PINTURA AGUA MARINA, VERDE PRADERA, <br \/>\nAZUL TURQUESA, CAF\u00c9, CHOCOLATE, VERDE<br \/>\n BRILLANTE, ROJO CARM\u00cdN,<br \/>\n<br \/>\n* PINTURA  AMARILLO OXIDO Y ROJO OXIDO<br \/>\n<\/td><td class=\"column-4\">Caja 1kg<br \/>\n<br \/>\n<br \/>\n<br \/>\nBulto 25kg<br \/>\n<\/td>\n<\/tr>\n<\/tbody>\n<tfoot>\n<tr class=\"row-21\">\n\t<td class=\"column-1\"><\/td><td class=\"column-2\"><\/td><td class=\"column-3\"><\/td><td class=\"column-4\"><\/td>\n<\/tr>\n<\/tfoot>\n<\/table>\n<!-- #tablepress-7 from cache -->\n<p>[\/et_pb_text][\/et_pb_column][\/et_pb_row][\/et_pb_section][et_pb_section bb_built=&#8221;1&#8243; admin_label=&#8221;Section&#8221; background_color=&#8221;#e8e8e8&#8243; custom_padding=&#8221;0px|0px|0px|0px&#8221; custom_css_main_element=&#8221; box-shadow: 0px 0px 0px #222 inset;&#8221;][et_pb_row admin_label=&#8221;Row&#8221; make_fullwidth=&#8221;on&#8221; use_custom_gutter=&#8221;on&#8221; gutter_width=&#8221;1&#8243; custom_padding=&#8221;0px|0px|0px|0px&#8221; parallax_method_1=&#8221;off&#8221;][et_pb_column type=&#8221;4_4&#8243;][et_pb_divider admin_label=&#8221;Divider&#8221; color=&#8221;#6b6b6b&#8221; show_divider=&#8221;on&#8221; divider_style=&#8221;solid&#8221; divider_position=&#8221;top&#8221;]<br \/>\n[\/et_pb_divider][et_pb_code admin_label=&#8221;Code&#8221;]&lt;center&gt;&lt;a href=&#8221;#&#8221; title=&#8221;&#8221;&gt;&lt;img style=&#8221;width: 1px; height: 1px;&#8221; src=&#8221;https:\/\/www.cerotec.net\/contador.php?t=1&amp;s=3&amp;i=127670&#8243; alt=&#8221;www.cerotec.net&#8221;&gt;&lt;\/a&gt;&lt;\/center&gt;[\/et_pb_code][\/et_pb_column][\/et_pb_row][et_pb_row admin_label=&#8221;Row&#8221; make_fullwidth=&#8221;on&#8221; use_custom_gutter=&#8221;on&#8221; gutter_width=&#8221;2&#8243; custom_padding=&#8221;5px||0px|&#8221; parallax_method_1=&#8221;off&#8221;][et_pb_column type=&#8221;4_4&#8243;][et_pb_image admin_label=&#8221;Image&#8221; src=&#8221;http:\/\/rodiraban.com\/pruebaro\/wp-content\/uploads\/2020\/03\/LOGO-RABAN-png.png&#8221; animation=&#8221;off&#8221; align=&#8221;center&#8221; max_width=&#8221;250px&#8221; custom_margin=&#8221;2px||1px|&#8221; show_in_lightbox=&#8221;off&#8221; url_new_window=&#8221;off&#8221; use_overlay=&#8221;off&#8221; sticky=&#8221;off&#8221; force_fullwidth=&#8221;off&#8221; always_center_on_mobile=&#8221;on&#8221; use_border_color=&#8221;off&#8221; border_color=&#8221;#ffffff&#8221; border_style=&#8221;solid&#8221;]<br \/>\n[\/et_pb_image][et_pb_text admin_label=&#8221;Text&#8221; text_orientation=&#8221;center&#8221;]<\/p>\n<p>Calle de Manuel Fern\u00e1ndez Fiallo #720<br \/>\nTel.: 951 501 5900 e-mail:raban@rodiraban.com<\/p>\n<p>\u00a9 Todos los derechos reservados. www.rodiraban.com<\/p>\n<p>[\/et_pb_text][\/et_pb_column][\/et_pb_row][\/et_pb_section]<\/p>\n","protected":false},"excerpt":{"rendered":"<p>[et_pb_section bb_built=&#8221;1&#8243; admin_label=&#8221;Section&#8221;][et_pb_row admin_label=&#8221;Row&#8221; use_custom_width=&#8221;on&#8221; custom_padding=&#8221;|||&#8221; custom_margin=&#8221;|||&#8221;][et_pb_column type=&#8221;4_4&#8243;][et_pb_slider admin_label=&#8221;Slider&#8221; auto=&#8221;on&#8221;] [et_pb_slide background_image=&#8221;http:\/\/rodiraban.com\/pruebaro\/wp-content\/uploads\/2020\/04\/SLIDER2.jpg&#8221; use_bg_overlay=&#8221;off&#8221; use_text_overlay=&#8221;off&#8221; header_font=&#8221;||||&#8221; body_font=&#8221;||||&#8221; custom_button=&#8221;off&#8221; button_icon_placement=&#8221;right&#8221; button_on_hover=&#8221;on&#8221;][\/et_pb_slide][et_pb_slide background_image=&#8221;http:\/\/rodiraban.com\/pruebaro\/wp-content\/uploads\/2020\/04\/ESTUCO-BLANCO.jpg&#8221; use_bg_overlay=&#8221;off&#8221; use_text_overlay=&#8221;off&#8221; header_font=&#8221;||||&#8221; body_font=&#8221;||||&#8221; custom_button=&#8221;off&#8221; button_icon_placement=&#8221;right&#8221; button_on_hover=&#8221;on&#8221;][\/et_pb_slide] [\/et_pb_slider][\/et_pb_column][\/et_pb_row][\/et_pb_section][et_pb_section bb_built=&#8221;1&#8243; admin_label=&#8221;section&#8221;][et_pb_row admin_label=&#8221;row&#8221; make_fullwidth=&#8221;on&#8221; parallax_method_1=&#8221;off&#8221;][et_pb_column type=&#8221;4_4&#8243;][et_pb_text admin_label=&#8221;Text&#8221;] [\/et_pb_text][\/et_pb_column][\/et_pb_row][\/et_pb_section][et_pb_section bb_built=&#8221;1&#8243; admin_label=&#8221;Section&#8221; background_color=&#8221;#e8e8e8&#8243; custom_padding=&#8221;0px|0px|0px|0px&#8221; custom_css_main_element=&#8221; box-shadow: 0px 0px 0px #222 inset;&#8221;][et_pb_row admin_label=&#8221;Row&#8221; make_fullwidth=&#8221;on&#8221; use_custom_gutter=&#8221;on&#8221; gutter_width=&#8221;1&#8243; custom_padding=&#8221;0px|0px|0px|0px&#8221; parallax_method_1=&#8221;off&#8221;][et_pb_column type=&#8221;4_4&#8243;][et_pb_divider admin_label=&#8221;Divider&#8221; [&hellip;]<\/p>\n","protected":false},"author":1,"featured_media":0,"parent":0,"menu_order":0,"comment_status":"closed","ping_status":"closed","template":"","meta":{"footnotes":""},"class_list":["post-304","page","type-page","status-publish","hentry"],"_links":{"self":[{"href":"http:\/\/rodiraban.com\/pruebaro\/wp-json\/wp\/v2\/pages\/304","targetHints":{"allow":["GET"]}}],"collection":[{"href":"http:\/\/rodiraban.com\/pruebaro\/wp-json\/wp\/v2\/pages"}],"about":[{"href":"http:\/\/rodiraban.com\/pruebaro\/wp-json\/wp\/v2\/types\/page"}],"author":[{"embeddable":true,"href":"http:\/\/rodiraban.com\/pruebaro\/wp-json\/wp\/v2\/users\/1"}],"replies":[{"embeddable":true,"href":"http:\/\/rodiraban.com\/pruebaro\/wp-json\/wp\/v2\/comments?post=304"}],"version-history":[{"count":0,"href":"http:\/\/rodiraban.com\/pruebaro\/wp-json\/wp\/v2\/pages\/304\/revisions"}],"wp:attachment":[{"href":"http:\/\/rodiraban.com\/pruebaro\/wp-json\/wp\/v2\/media?parent=304"}],"curies":[{"name":"wp","href":"https:\/\/api.w.org\/{rel}","templated":true}]}}